{"id":4387,"date":"2025-05-12T03:04:06","date_gmt":"2025-05-12T00:04:06","guid":{"rendered":"https:\/\/pamukap.com.tr\/?page_id=4387"},"modified":"2025-06-07T12:39:13","modified_gmt":"2025-06-07T09:39:13","slug":"e-katalog","status":"publish","type":"page","link":"https:\/\/pamukap.com.tr\/?page_id=4387","title":{"rendered":"E-Katalog"},"content":{"rendered":"\t\t<div data-elementor-type=\"wp-page\" data-elementor-id=\"4387\" class=\"elementor elementor-4387\" data-elementor-post-type=\"page\">\n\t\t\t\t\t\t<section class=\"elementor-section elementor-top-section elementor-element elementor-element-2411664 elementor-section-boxed elementor-section-height-default elementor-section-height-default\" data-id=\"2411664\" data-element_type=\"section\" data-settings=\"{&quot;background_background&quot;:&quot;classic&quot;}\">\n\t\t\t\t\t\t<div class=\"elementor-container elementor-column-gap-default\">\n\t\t\t\t\t<div class=\"elementor-column elementor-col-100 elementor-top-column elementor-element elementor-element-f2dbc68\" data-id=\"f2dbc68\" data-element_type=\"column\">\n\t\t\t<div class=\"elementor-widget-wrap elementor-element-populated\">\n\t\t\t\t\t\t<div class=\"elementor-element elementor-element-13532a8 elementor-widget elementor-widget-pix-highlighted-text\" data-id=\"13532a8\" data-element_type=\"widget\" data-widget_type=\"pix-highlighted-text.default\">\n\t\t\t\t<div class=\"elementor-widget-container\">\n\t\t\t\t\t<div id=\"highlighted-text-81655467\" class=\"pix-highlighted-element text-left \"><h2 class=\"pix-highlighted-items \" style=\"\" data-anim-type=\"\" data-anim-delay=\"\"><span id=\"highlighted-text-81655467-0\" class=\" elementor-repeater-item-d38df35\"><span class=\"pix-highlighted-text pix-highlight-item font-weight-normal  heading-font text-gradient-primary\">Kataloglar<\/span><\/span><\/h2><\/div>\t\t\t\t<\/div>\n\t\t\t\t<\/div>\n\t\t\t\t\t<\/div>\n\t\t<\/div>\n\t\t\t\t\t<\/div>\n\t\t<\/section>\n\t\t\t\t<section class=\"elementor-section elementor-top-section elementor-element elementor-element-8bafd16 elementor-section-full_width elementor-section-height-default elementor-section-height-default\" data-id=\"8bafd16\" data-element_type=\"section\">\n\t\t\t\t\t\t<div class=\"elementor-container elementor-column-gap-no\">\n\t\t\t\t\t<div class=\"elementor-column elementor-col-100 elementor-top-column elementor-element elementor-element-24b138e\" data-id=\"24b138e\" data-element_type=\"column\">\n\t\t\t<div class=\"elementor-widget-wrap elementor-element-populated\">\n\t\t\t\t\t\t<div class=\"elementor-element elementor-element-3ffb4f2 elementor-widget elementor-widget-pix-dividers\" data-id=\"3ffb4f2\" data-element_type=\"widget\" data-widget_type=\"pix-dividers.default\">\n\t\t\t\t<div class=\"elementor-widget-container\">\n\t\t\t\t\t<div class=\"pix-divider  position-relative pix-bottom-divider\" data-style=\"style-8\" ><svg xmlns=\"http:\/\/www.w3.org\/2000\/svg\" width=\"100%\" height=\"300px\" viewBox=\"0 0 1200 366\" preserveAspectRatio=\"none\"><polygon fill=\"url(#divider-pix-accordion-411903-bottom-overlay-layer-3)\" points=\"0 240 1200 0 1200 366 0 366\" \/><polygon fill=\"url(#divider-pix-accordion-411903-bottom-overlay-layer-2)\" points=\"0 300 1200 60 1200 366 0 366\"  \/><polygon fill=\"#ffffff\" points=\"0 360 1200 120 1200 366 0 366\"\/><defs><linearGradient id=\"divider-pix-accordion-411903-bottom-overlay-layer-3\" x1=\"0%\" y1=\"0%\" x2=\"100%\" y2=\"0%\"><stop offset=\"0%\"   stop-color=\"#00000014\"\/><stop offset=\"100%\"   stop-color=\"#FFFFFF03\"\/><\/linearGradient><linearGradient id=\"divider-pix-accordion-411903-bottom-overlay-layer-2\" x1=\"0%\" y1=\"0%\" x2=\"100%\" y2=\"0%\"><stop offset=\"0%\"   stop-color=\"#FFFFFF03\"\/><stop offset=\"100%\"   stop-color=\"#FFFFFF03\"\/><\/linearGradient><\/defs><\/svg><\/div>\t\t\t\t<\/div>\n\t\t\t\t<\/div>\n\t\t\t\t\t<\/div>\n\t\t<\/div>\n\t\t\t\t\t<\/div>\n\t\t<\/section>\n\t\t<div class=\"elementor-element elementor-element-634aefc e-flex e-con-boxed e-con e-parent\" data-id=\"634aefc\" data-element_type=\"container\">\n\t\t\t\t\t<div class=\"e-con-inner\">\n\t\t\t\t<div class=\"elementor-element elementor-element-a823e01 elementor-widget elementor-widget-pix-sliding-text\" data-id=\"a823e01\" data-element_type=\"widget\" data-widget_type=\"pix-sliding-text.default\">\n\t\t\t\t<div class=\"elementor-widget-container\">\n\t\t\t\t\t<div id=\"sliding-text-195063181\" class=\"mb-3 text-left \"><h4 class=\"mb-32 pix-sliding-headline-2 animate-in font-weight-bold body-font \" data-anim-type=\"pix-sliding-text\" pix-anim-delay=\"500\" data-class=\"body-font text-heading-default\" style=\"\"><span class=\"slide-in-container \"><span class=\"pix-sliding-item body-font text-heading-default\" style=\"transition-delay: 0ms;\">2025&#32;<\/span><\/span> <span class=\"slide-in-container \"><span class=\"pix-sliding-item body-font text-heading-default\" style=\"transition-delay: 150ms;\">Katalo\u011fu&#32;<\/span><\/span> <\/h4><\/div>\t\t\t\t<\/div>\n\t\t\t\t<\/div>\n\t\t\t\t<div class=\"elementor-element elementor-element-ca10c72 elementor-widget elementor-widget-pix-button\" data-id=\"ca10c72\" data-element_type=\"widget\" data-widget_type=\"pix-button.default\">\n\t\t\t\t<div class=\"elementor-widget-container\">\n\t\t\t\t\t<a  href=\"https:\/\/pamukap.com.tr\/wp-content\/uploads\/2025\/05\/e-katalog-Pamukap.pdf\" class=\"btn m-0     btn-primary d-inline-block      btn-md\"     ><i class=\"font-weight-bold pixicon-slides-2   mr-1\"><\/i> <span class=\"font-weight-bold \" >Katalo\u011fu \u0130ndirin<\/span><\/a>\t\t\t\t<\/div>\n\t\t\t\t<\/div>\n\t\t\t\t\t<\/div>\n\t\t\t\t<\/div>\n\t\t\t\t<\/div>\n\t\t","protected":false},"excerpt":{"rendered":"<p>Kataloglar 2025&#32; Katalo\u011fu&#32; Katalo\u011fu \u0130ndirin<\/p>\n","protected":false},"author":1,"featured_media":0,"parent":0,"menu_order":0,"comment_status":"closed","ping_status":"closed","template":"","meta":{"footnotes":""},"class_list":["post-4387","page","type-page","status-publish","hentry"],"yoast_head":"<!-- This site is optimized with the Yoast SEO plugin v25.0 - https:\/\/yoast.com\/wordpress\/plugins\/seo\/ -->\n<title>E-Katalog - Do\u011fa ile dost<\/title>\n<meta name=\"description\" content=\"PAMUKAP\u2019\u0131n \u00fcr\u00fcn yelpazesi ve \u00e7\u00f6z\u00fcmleri hakk\u0131nda detayl\u0131 bilgiye ula\u015fabilece\u011finiz e-katalogumuzu ke\u015ffedin. E-katalogumuz ile en uygun \u00e7\u00f6z\u00fcm\u00fc hemen ke\u015ffedin!\" \/>\n<meta name=\"robots\" content=\"index, follow, max-snippet:-1, max-image-preview:large, max-video-preview:-1\" \/>\n<link rel=\"canonical\" href=\"https:\/\/pamukap.com.tr\/?page_id=4387\" \/>\n<meta property=\"og:locale\" content=\"tr_TR\" \/>\n<meta property=\"og:type\" content=\"article\" \/>\n<meta property=\"og:title\" content=\"E-Katalog - Do\u011fa ile dost\" \/>\n<meta property=\"og:description\" content=\"PAMUKAP\u2019\u0131n \u00fcr\u00fcn yelpazesi ve \u00e7\u00f6z\u00fcmleri hakk\u0131nda detayl\u0131 bilgiye ula\u015fabilece\u011finiz e-katalogumuzu ke\u015ffedin. E-katalogumuz ile en uygun \u00e7\u00f6z\u00fcm\u00fc hemen ke\u015ffedin!\" \/>\n<meta property=\"og:url\" content=\"https:\/\/pamukap.com.tr\/?page_id=4387\" \/>\n<meta property=\"og:site_name\" content=\"Do\u011fa ile dost\" \/>\n<meta property=\"article:modified_time\" content=\"2025-06-07T09:39:13+00:00\" \/>\n<meta name=\"twitter:card\" content=\"summary_large_image\" \/>\n<meta name=\"twitter:label1\" content=\"Tahmini okuma s\u00fcresi\" \/>\n\t<meta name=\"twitter:data1\" content=\"1 dakika\" \/>\n<script type=\"application\/ld+json\" class=\"yoast-schema-graph\">{\"@context\":\"https:\/\/schema.org\",\"@graph\":[{\"@type\":\"WebPage\",\"@id\":\"https:\/\/pamukap.com.tr\/?page_id=4387\",\"url\":\"https:\/\/pamukap.com.tr\/?page_id=4387\",\"name\":\"E-Katalog - Do\u011fa ile dost\",\"isPartOf\":{\"@id\":\"https:\/\/pamukap.com.tr\/#website\"},\"datePublished\":\"2025-05-12T00:04:06+00:00\",\"dateModified\":\"2025-06-07T09:39:13+00:00\",\"description\":\"PAMUKAP\u2019\u0131n \u00fcr\u00fcn yelpazesi ve \u00e7\u00f6z\u00fcmleri hakk\u0131nda detayl\u0131 bilgiye ula\u015fabilece\u011finiz e-katalogumuzu ke\u015ffedin. E-katalogumuz ile en uygun \u00e7\u00f6z\u00fcm\u00fc hemen ke\u015ffedin!\",\"breadcrumb\":{\"@id\":\"https:\/\/pamukap.com.tr\/?page_id=4387#breadcrumb\"},\"inLanguage\":\"tr\",\"potentialAction\":[{\"@type\":\"ReadAction\",\"target\":[\"https:\/\/pamukap.com.tr\/?page_id=4387\"]}]},{\"@type\":\"BreadcrumbList\",\"@id\":\"https:\/\/pamukap.com.tr\/?page_id=4387#breadcrumb\",\"itemListElement\":[{\"@type\":\"ListItem\",\"position\":1,\"name\":\"Anasayfa\",\"item\":\"https:\/\/pamukap.com.tr\/\"},{\"@type\":\"ListItem\",\"position\":2,\"name\":\"E-Katalog\"}]},{\"@type\":\"WebSite\",\"@id\":\"https:\/\/pamukap.com.tr\/#website\",\"url\":\"https:\/\/pamukap.com.tr\/\",\"name\":\"Do\u011fa ile dost\",\"description\":\"\",\"potentialAction\":[{\"@type\":\"SearchAction\",\"target\":{\"@type\":\"EntryPoint\",\"urlTemplate\":\"https:\/\/pamukap.com.tr\/?s={search_term_string}\"},\"query-input\":{\"@type\":\"PropertyValueSpecification\",\"valueRequired\":true,\"valueName\":\"search_term_string\"}}],\"inLanguage\":\"tr\"}]}<\/script>\n<!-- \/ Yoast SEO plugin. -->","yoast_head_json":{"title":"E-Katalog - Do\u011fa ile dost","description":"PAMUKAP\u2019\u0131n \u00fcr\u00fcn yelpazesi ve \u00e7\u00f6z\u00fcmleri hakk\u0131nda detayl\u0131 bilgiye ula\u015fabilece\u011finiz e-katalogumuzu ke\u015ffedin. E-katalogumuz ile en uygun \u00e7\u00f6z\u00fcm\u00fc hemen ke\u015ffedin!","robots":{"index":"index","follow":"follow","max-snippet":"max-snippet:-1","max-image-preview":"max-image-preview:large","max-video-preview":"max-video-preview:-1"},"canonical":"https:\/\/pamukap.com.tr\/?page_id=4387","og_locale":"tr_TR","og_type":"article","og_title":"E-Katalog - Do\u011fa ile dost","og_description":"PAMUKAP\u2019\u0131n \u00fcr\u00fcn yelpazesi ve \u00e7\u00f6z\u00fcmleri hakk\u0131nda detayl\u0131 bilgiye ula\u015fabilece\u011finiz e-katalogumuzu ke\u015ffedin. E-katalogumuz ile en uygun \u00e7\u00f6z\u00fcm\u00fc hemen ke\u015ffedin!","og_url":"https:\/\/pamukap.com.tr\/?page_id=4387","og_site_name":"Do\u011fa ile dost","article_modified_time":"2025-06-07T09:39:13+00:00","twitter_card":"summary_large_image","twitter_misc":{"Tahmini okuma s\u00fcresi":"1 dakika"},"schema":{"@context":"https:\/\/schema.org","@graph":[{"@type":"WebPage","@id":"https:\/\/pamukap.com.tr\/?page_id=4387","url":"https:\/\/pamukap.com.tr\/?page_id=4387","name":"E-Katalog - Do\u011fa ile dost","isPartOf":{"@id":"https:\/\/pamukap.com.tr\/#website"},"datePublished":"2025-05-12T00:04:06+00:00","dateModified":"2025-06-07T09:39:13+00:00","description":"PAMUKAP\u2019\u0131n \u00fcr\u00fcn yelpazesi ve \u00e7\u00f6z\u00fcmleri hakk\u0131nda detayl\u0131 bilgiye ula\u015fabilece\u011finiz e-katalogumuzu ke\u015ffedin. E-katalogumuz ile en uygun \u00e7\u00f6z\u00fcm\u00fc hemen ke\u015ffedin!","breadcrumb":{"@id":"https:\/\/pamukap.com.tr\/?page_id=4387#breadcrumb"},"inLanguage":"tr","potentialAction":[{"@type":"ReadAction","target":["https:\/\/pamukap.com.tr\/?page_id=4387"]}]},{"@type":"BreadcrumbList","@id":"https:\/\/pamukap.com.tr\/?page_id=4387#breadcrumb","itemListElement":[{"@type":"ListItem","position":1,"name":"Anasayfa","item":"https:\/\/pamukap.com.tr\/"},{"@type":"ListItem","position":2,"name":"E-Katalog"}]},{"@type":"WebSite","@id":"https:\/\/pamukap.com.tr\/#website","url":"https:\/\/pamukap.com.tr\/","name":"Do\u011fa ile dost","description":"","potentialAction":[{"@type":"SearchAction","target":{"@type":"EntryPoint","urlTemplate":"https:\/\/pamukap.com.tr\/?s={search_term_string}"},"query-input":{"@type":"PropertyValueSpecification","valueRequired":true,"valueName":"search_term_string"}}],"inLanguage":"tr"}]}},"_links":{"self":[{"href":"https:\/\/pamukap.com.tr\/index.php?rest_route=\/wp\/v2\/pages\/4387","targetHints":{"allow":["GET"]}}],"collection":[{"href":"https:\/\/pamukap.com.tr\/index.php?rest_route=\/wp\/v2\/pages"}],"about":[{"href":"https:\/\/pamukap.com.tr\/index.php?rest_route=\/wp\/v2\/types\/page"}],"author":[{"embeddable":true,"href":"https:\/\/pamukap.com.tr\/index.php?rest_route=\/wp\/v2\/users\/1"}],"replies":[{"embeddable":true,"href":"https:\/\/pamukap.com.tr\/index.php?rest_route=%2Fwp%2Fv2%2Fcomments&post=4387"}],"version-history":[{"count":7,"href":"https:\/\/pamukap.com.tr\/index.php?rest_route=\/wp\/v2\/pages\/4387\/revisions"}],"predecessor-version":[{"id":4466,"href":"https:\/\/pamukap.com.tr\/index.php?rest_route=\/wp\/v2\/pages\/4387\/revisions\/4466"}],"wp:attachment":[{"href":"https:\/\/pamukap.com.tr\/index.php?rest_route=%2Fwp%2Fv2%2Fmedia&parent=4387"}],"curies":[{"name":"wp","href":"https:\/\/api.w.org\/{rel}","templated":true}]}}