{"id":4383,"date":"2025-05-12T02:56:26","date_gmt":"2025-05-11T23:56:26","guid":{"rendered":"https:\/\/pamukap.com.tr\/?page_id=4383"},"modified":"2025-06-07T12:37:02","modified_gmt":"2025-06-07T09:37:02","slug":"bayi-talep-formu","status":"publish","type":"page","link":"https:\/\/pamukap.com.tr\/?page_id=4383","title":{"rendered":"Bayi Talep Formu"},"content":{"rendered":"\t\t<div data-elementor-type=\"wp-page\" data-elementor-id=\"4383\" class=\"elementor elementor-4383\" data-elementor-post-type=\"page\">\n\t\t\t\t\t\t<section class=\"elementor-section elementor-top-section elementor-element elementor-element-2411664 elementor-section-boxed elementor-section-height-default elementor-section-height-default\" data-id=\"2411664\" data-element_type=\"section\" data-settings=\"{&quot;background_background&quot;:&quot;classic&quot;}\">\n\t\t\t\t\t\t<div class=\"elementor-container elementor-column-gap-default\">\n\t\t\t\t\t<div class=\"elementor-column elementor-col-100 elementor-top-column elementor-element elementor-element-f2dbc68\" data-id=\"f2dbc68\" data-element_type=\"column\">\n\t\t\t<div class=\"elementor-widget-wrap elementor-element-populated\">\n\t\t\t\t\t\t<div class=\"elementor-element elementor-element-13532a8 elementor-widget elementor-widget-pix-highlighted-text\" data-id=\"13532a8\" data-element_type=\"widget\" data-widget_type=\"pix-highlighted-text.default\">\n\t\t\t\t<div class=\"elementor-widget-container\">\n\t\t\t\t\t<div id=\"highlighted-text-128192466\" class=\"pix-highlighted-element text-left \"><h2 class=\"pix-highlighted-items \" style=\"\" data-anim-type=\"\" data-anim-delay=\"\"><span id=\"highlighted-text-128192466-0\" class=\" elementor-repeater-item-d38df35\"><span class=\"pix-highlighted-text pix-highlight-item font-weight-normal  heading-font text-heading-default\">Bayi \u0130leti\u015fim <\/span><\/span><span id=\"highlighted-text-128192466-1\" class=\"pix-highlight-bg align-middle2   elementor-repeater-item-b2f5606 highlighted-text-128192466-1 animate-in\" data-anim-type=\"highlight-grow\" data-anim-delay=\"200\"><span class=\"pix-highlighted-text  pix-highlight-item font-weight-normal  font-weight-bold heading-font text-heading-default\">Formu<\/span><\/span><\/h2><\/div>\t\t\t\t<\/div>\n\t\t\t\t<\/div>\n\t\t\t\t\t<\/div>\n\t\t<\/div>\n\t\t\t\t\t<\/div>\n\t\t<\/section>\n\t\t\t\t<section class=\"elementor-section elementor-top-section elementor-element elementor-element-8bafd16 elementor-section-full_width elementor-section-height-default elementor-section-height-default\" data-id=\"8bafd16\" data-element_type=\"section\">\n\t\t\t\t\t\t<div class=\"elementor-container elementor-column-gap-no\">\n\t\t\t\t\t<div class=\"elementor-column elementor-col-100 elementor-top-column elementor-element elementor-element-24b138e\" data-id=\"24b138e\" data-element_type=\"column\">\n\t\t\t<div class=\"elementor-widget-wrap elementor-element-populated\">\n\t\t\t\t\t\t<div class=\"elementor-element elementor-element-3ffb4f2 elementor-widget elementor-widget-pix-dividers\" data-id=\"3ffb4f2\" data-element_type=\"widget\" data-widget_type=\"pix-dividers.default\">\n\t\t\t\t<div class=\"elementor-widget-container\">\n\t\t\t\t\t<div class=\"pix-divider  position-relative pix-bottom-divider\" data-style=\"style-8\" ><svg xmlns=\"http:\/\/www.w3.org\/2000\/svg\" width=\"100%\" height=\"300px\" viewBox=\"0 0 1200 366\" preserveAspectRatio=\"none\"><polygon fill=\"url(#divider-pix-accordion-620742-bottom-overlay-layer-3)\" points=\"0 240 1200 0 1200 366 0 366\" \/><polygon fill=\"url(#divider-pix-accordion-620742-bottom-overlay-layer-2)\" points=\"0 300 1200 60 1200 366 0 366\"  \/><polygon fill=\"#ffffff\" points=\"0 360 1200 120 1200 366 0 366\"\/><defs><linearGradient id=\"divider-pix-accordion-620742-bottom-overlay-layer-3\" x1=\"0%\" y1=\"0%\" x2=\"100%\" y2=\"0%\"><stop offset=\"0%\"   stop-color=\"#00000014\"\/><stop offset=\"100%\"   stop-color=\"#FFFFFF03\"\/><\/linearGradient><linearGradient id=\"divider-pix-accordion-620742-bottom-overlay-layer-2\" x1=\"0%\" y1=\"0%\" x2=\"100%\" y2=\"0%\"><stop offset=\"0%\"   stop-color=\"#FFFFFF03\"\/><stop offset=\"100%\"   stop-color=\"#FFFFFF03\"\/><\/linearGradient><\/defs><\/svg><\/div>\t\t\t\t<\/div>\n\t\t\t\t<\/div>\n\t\t\t\t\t<\/div>\n\t\t<\/div>\n\t\t\t\t\t<\/div>\n\t\t<\/section>\n\t\t\t\t<section class=\"elementor-section elementor-top-section elementor-element elementor-element-31cfcf2 elementor-section-boxed elementor-section-height-default elementor-section-height-default\" data-id=\"31cfcf2\" data-element_type=\"section\">\n\t\t\t\t\t\t<div class=\"elementor-container elementor-column-gap-default\">\n\t\t\t\t\t<div class=\"elementor-column elementor-col-100 elementor-top-column elementor-element elementor-element-863ec05\" data-id=\"863ec05\" data-element_type=\"column\">\n\t\t\t<div class=\"elementor-widget-wrap elementor-element-populated\">\n\t\t\t\t\t\t<div class=\"elementor-element elementor-element-e21eb6d elementor-widget elementor-widget-pix-text\" data-id=\"e21eb6d\" data-element_type=\"widget\" data-widget_type=\"pix-text.default\">\n\t\t\t\t<div class=\"elementor-widget-container\">\n\t\t\t\t\t<div class=\"pix-el-text w-100 text-left \" ><p class=\"text-20 resp-option text-body-default text-left \" >Sorular\u0131n\u0131z\u0131 veya taleplerinizi iletmek i\u00e7in l\u00fctfen a\u015fa\u011f\u0131daki formu doldurun. En k\u0131sa s\u00fcrede size geri d\u00f6n\u00fc\u015f yapaca\u011f\u0131z.<\/p><\/div>\t\t\t\t<\/div>\n\t\t\t\t<\/div>\n\t\t\t\t<div class=\"elementor-element elementor-element-52eb23d elementor-widget elementor-widget-text-editor\" data-id=\"52eb23d\" data-element_type=\"widget\" data-widget_type=\"text-editor.default\">\n\t\t\t\t<div class=\"elementor-widget-container\">\n\t\t\t\t\t\t\t\t\t\n<div class=\"wpcf7 no-js\" id=\"wpcf7-f1566-o1\" lang=\"en-US\" dir=\"ltr\" data-wpcf7-id=\"1566\">\n<div class=\"screen-reader-response\"><p role=\"status\" aria-live=\"polite\" aria-atomic=\"true\"><\/p> <ul><\/ul><\/div>\n<form action=\"\/index.php?rest_route=%2Fwp%2Fv2%2Fpages%2F4383#wpcf7-f1566-o1\" method=\"post\" class=\"wpcf7-form init\" aria-label=\"Contact form\" novalidate=\"novalidate\" data-status=\"init\">\n<div style=\"display: none;\">\n<input type=\"hidden\" name=\"_wpcf7\" value=\"1566\" \/>\n<input type=\"hidden\" name=\"_wpcf7_version\" value=\"6.0.6\" \/>\n<input type=\"hidden\" name=\"_wpcf7_locale\" value=\"en_US\" \/>\n<input type=\"hidden\" name=\"_wpcf7_unit_tag\" value=\"wpcf7-f1566-o1\" \/>\n<input type=\"hidden\" name=\"_wpcf7_container_post\" value=\"0\" \/>\n<input type=\"hidden\" name=\"_wpcf7_posted_data_hash\" value=\"\" \/>\n<input type=\"hidden\" name=\"_wpcf7_recaptcha_response\" value=\"\" \/>\n<\/div>\n<div class=\"pix-contact7-form\"><div class=\"row\">\n\t<div class=\"col-lg-6\">\n\t\t<p><label class=\"w-100\">Ad Soyad<br \/>\n<span class=\"wpcf7-form-control-wrap\" data-name=\"your-name\"><input size=\"40\" maxlength=\"400\" class=\"wpcf7-form-control wpcf7-text wpcf7-validates-as-required pix-my-5 shadow-0 bg-gray-3 form-control\" aria-required=\"true\" aria-invalid=\"false\" placeholder=\"\" value=\"\" type=\"text\" name=\"your-name\" \/><\/span><\/label>\n\t\t<\/p>\n\t<\/div>\n\t<div class=\"col-lg-6\">\n\t\t<p><label class=\"w-100\">E-Posta<br \/>\n<span class=\"wpcf7-form-control-wrap\" data-name=\"your-email\"><input size=\"40\" maxlength=\"400\" class=\"wpcf7-form-control wpcf7-email wpcf7-validates-as-required wpcf7-text wpcf7-validates-as-email pix-my-5 shadow-0 bg-gray-3 form-control\" aria-required=\"true\" aria-invalid=\"false\" placeholder=\"\" value=\"\" type=\"email\" name=\"your-email\" \/><\/span><\/label>\n\t\t<\/p>\n\t<\/div>\n\t<div class=\"col-lg-12\">\n\t\t<p><label class=\"w-100\">Telefon Numaras\u0131<br \/>\n<span class=\"wpcf7-form-control-wrap\" data-name=\"your-tel\"><input size=\"40\" maxlength=\"400\" class=\"wpcf7-form-control wpcf7-tel wpcf7-validates-as-required wpcf7-text wpcf7-validates-as-tel pix-my-5 shadow-0 bg-gray-3 form-control\" aria-required=\"true\" aria-invalid=\"false\" placeholder=\"\" value=\"\" type=\"tel\" name=\"your-tel\" \/><\/span><\/label>\n\t\t<\/p>\n\t<\/div>\n\t<div class=\"col-12\">\n\t\t<p><label class=\"w-100\">Konu*<br \/>\n<span class=\"wpcf7-form-control-wrap\" data-name=\"your-subject\"><input size=\"40\" maxlength=\"400\" class=\"wpcf7-form-control wpcf7-text wpcf7-validates-as-required pix-my-5 shadow-0 bg-gray-3 form-control\" aria-required=\"true\" aria-invalid=\"false\" placeholder=\"\" value=\"\" type=\"text\" name=\"your-subject\" \/><\/span><\/label>\n\t\t<\/p>\n\t<\/div>\n\t<div class=\"col-12\">\n\t\t<p><label class=\"w-100\">Mesaj\u0131n\u0131z<span class=\"wpcf7-form-control-wrap\" data-name=\"your-message\"><textarea cols=\"40\" rows=\"4\" maxlength=\"2000\" class=\"wpcf7-form-control wpcf7-textarea wpcf7-validates-as-required pix-my-5 shadow-0 bg-gray-3 form-control\" aria-required=\"true\" aria-invalid=\"false\" placeholder=\"\" name=\"your-message\"><\/textarea><\/span><\/label>\n\t\t<\/p>\n\t<\/div>\n<\/div>\n<p><input class=\"wpcf7-form-control wpcf7-submit has-spinner btn btn-primary text-white w-100 pix-mt-10 font-weight-bold btn-lg shadow-hover\" type=\"submit\" value=\"G\u00f6nder\" \/>\n<\/p><\/div><div class=\"wpcf7-response-output\" aria-hidden=\"true\"><\/div>\n<\/form>\n<\/div>\n\t\t\t\t\t\t\t\t<\/div>\n\t\t\t\t<\/div>\n\t\t\t\t\t<\/div>\n\t\t<\/div>\n\t\t\t\t\t<\/div>\n\t\t<\/section>\n\t\t\t\t<\/div>\n\t\t","protected":false},"excerpt":{"rendered":"<p>Bayi \u0130leti\u015fim Formu Sorular\u0131n\u0131z\u0131 veya taleplerinizi iletmek i\u00e7in l\u00fctfen a\u015fa\u011f\u0131daki formu doldurun. En k\u0131sa s\u00fcrede size geri d\u00f6n\u00fc\u015f yapaca\u011f\u0131z.<\/p>\n","protected":false},"author":1,"featured_media":0,"parent":0,"menu_order":0,"comment_status":"closed","ping_status":"closed","template":"","meta":{"footnotes":""},"class_list":["post-4383","page","type-page","status-publish","hentry"],"yoast_head":"<!-- This site is optimized with the Yoast SEO plugin v25.0 - https:\/\/yoast.com\/wordpress\/plugins\/seo\/ -->\n<title>Bayi Talep Formu - Do\u011fa ile dost<\/title>\n<meta name=\"description\" content=\"PAMUKAP bayisi olmay\u0131 m\u0131 d\u00fc\u015f\u00fcn\u00fcyorsunuz? Bayi talep formu ile ba\u015fvurunuzu iletebilir ve PAMUKAP \u00fcr\u00fcnlerini sat\u0131\u015fa sunma f\u0131rsat\u0131n\u0131 yakalayabilirsiniz. Detayl\u0131 bilgi ve ba\u015fvuru i\u00e7in hemen formu doldurun.\" \/>\n<meta name=\"robots\" content=\"index, follow, max-snippet:-1, max-image-preview:large, max-video-preview:-1\" \/>\n<link rel=\"canonical\" href=\"https:\/\/pamukap.com.tr\/?page_id=4383\" \/>\n<meta property=\"og:locale\" content=\"tr_TR\" \/>\n<meta property=\"og:type\" content=\"article\" \/>\n<meta property=\"og:title\" content=\"Bayi Talep Formu - Do\u011fa ile dost\" \/>\n<meta property=\"og:description\" content=\"PAMUKAP bayisi olmay\u0131 m\u0131 d\u00fc\u015f\u00fcn\u00fcyorsunuz? Bayi talep formu ile ba\u015fvurunuzu iletebilir ve PAMUKAP \u00fcr\u00fcnlerini sat\u0131\u015fa sunma f\u0131rsat\u0131n\u0131 yakalayabilirsiniz. Detayl\u0131 bilgi ve ba\u015fvuru i\u00e7in hemen formu doldurun.\" \/>\n<meta property=\"og:url\" content=\"https:\/\/pamukap.com.tr\/?page_id=4383\" \/>\n<meta property=\"og:site_name\" content=\"Do\u011fa ile dost\" \/>\n<meta property=\"article:modified_time\" content=\"2025-06-07T09:37:02+00:00\" \/>\n<meta name=\"twitter:card\" content=\"summary_large_image\" \/>\n<meta name=\"twitter:label1\" content=\"Tahmini okuma s\u00fcresi\" \/>\n\t<meta name=\"twitter:data1\" content=\"1 dakika\" \/>\n<script type=\"application\/ld+json\" class=\"yoast-schema-graph\">{\"@context\":\"https:\/\/schema.org\",\"@graph\":[{\"@type\":\"WebPage\",\"@id\":\"https:\/\/pamukap.com.tr\/?page_id=4383\",\"url\":\"https:\/\/pamukap.com.tr\/?page_id=4383\",\"name\":\"Bayi Talep Formu - Do\u011fa ile dost\",\"isPartOf\":{\"@id\":\"https:\/\/pamukap.com.tr\/#website\"},\"datePublished\":\"2025-05-11T23:56:26+00:00\",\"dateModified\":\"2025-06-07T09:37:02+00:00\",\"description\":\"PAMUKAP bayisi olmay\u0131 m\u0131 d\u00fc\u015f\u00fcn\u00fcyorsunuz? Bayi talep formu ile ba\u015fvurunuzu iletebilir ve PAMUKAP \u00fcr\u00fcnlerini sat\u0131\u015fa sunma f\u0131rsat\u0131n\u0131 yakalayabilirsiniz. Detayl\u0131 bilgi ve ba\u015fvuru i\u00e7in hemen formu doldurun.\",\"breadcrumb\":{\"@id\":\"https:\/\/pamukap.com.tr\/?page_id=4383#breadcrumb\"},\"inLanguage\":\"tr\",\"potentialAction\":[{\"@type\":\"ReadAction\",\"target\":[\"https:\/\/pamukap.com.tr\/?page_id=4383\"]}]},{\"@type\":\"BreadcrumbList\",\"@id\":\"https:\/\/pamukap.com.tr\/?page_id=4383#breadcrumb\",\"itemListElement\":[{\"@type\":\"ListItem\",\"position\":1,\"name\":\"Anasayfa\",\"item\":\"https:\/\/pamukap.com.tr\/\"},{\"@type\":\"ListItem\",\"position\":2,\"name\":\"Bayi Talep Formu\"}]},{\"@type\":\"WebSite\",\"@id\":\"https:\/\/pamukap.com.tr\/#website\",\"url\":\"https:\/\/pamukap.com.tr\/\",\"name\":\"Do\u011fa ile dost\",\"description\":\"\",\"potentialAction\":[{\"@type\":\"SearchAction\",\"target\":{\"@type\":\"EntryPoint\",\"urlTemplate\":\"https:\/\/pamukap.com.tr\/?s={search_term_string}\"},\"query-input\":{\"@type\":\"PropertyValueSpecification\",\"valueRequired\":true,\"valueName\":\"search_term_string\"}}],\"inLanguage\":\"tr\"}]}<\/script>\n<!-- \/ Yoast SEO plugin. -->","yoast_head_json":{"title":"Bayi Talep Formu - Do\u011fa ile dost","description":"PAMUKAP bayisi olmay\u0131 m\u0131 d\u00fc\u015f\u00fcn\u00fcyorsunuz? Bayi talep formu ile ba\u015fvurunuzu iletebilir ve PAMUKAP \u00fcr\u00fcnlerini sat\u0131\u015fa sunma f\u0131rsat\u0131n\u0131 yakalayabilirsiniz. Detayl\u0131 bilgi ve ba\u015fvuru i\u00e7in hemen formu doldurun.","robots":{"index":"index","follow":"follow","max-snippet":"max-snippet:-1","max-image-preview":"max-image-preview:large","max-video-preview":"max-video-preview:-1"},"canonical":"https:\/\/pamukap.com.tr\/?page_id=4383","og_locale":"tr_TR","og_type":"article","og_title":"Bayi Talep Formu - Do\u011fa ile dost","og_description":"PAMUKAP bayisi olmay\u0131 m\u0131 d\u00fc\u015f\u00fcn\u00fcyorsunuz? Bayi talep formu ile ba\u015fvurunuzu iletebilir ve PAMUKAP \u00fcr\u00fcnlerini sat\u0131\u015fa sunma f\u0131rsat\u0131n\u0131 yakalayabilirsiniz. Detayl\u0131 bilgi ve ba\u015fvuru i\u00e7in hemen formu doldurun.","og_url":"https:\/\/pamukap.com.tr\/?page_id=4383","og_site_name":"Do\u011fa ile dost","article_modified_time":"2025-06-07T09:37:02+00:00","twitter_card":"summary_large_image","twitter_misc":{"Tahmini okuma s\u00fcresi":"1 dakika"},"schema":{"@context":"https:\/\/schema.org","@graph":[{"@type":"WebPage","@id":"https:\/\/pamukap.com.tr\/?page_id=4383","url":"https:\/\/pamukap.com.tr\/?page_id=4383","name":"Bayi Talep Formu - Do\u011fa ile dost","isPartOf":{"@id":"https:\/\/pamukap.com.tr\/#website"},"datePublished":"2025-05-11T23:56:26+00:00","dateModified":"2025-06-07T09:37:02+00:00","description":"PAMUKAP bayisi olmay\u0131 m\u0131 d\u00fc\u015f\u00fcn\u00fcyorsunuz? Bayi talep formu ile ba\u015fvurunuzu iletebilir ve PAMUKAP \u00fcr\u00fcnlerini sat\u0131\u015fa sunma f\u0131rsat\u0131n\u0131 yakalayabilirsiniz. Detayl\u0131 bilgi ve ba\u015fvuru i\u00e7in hemen formu doldurun.","breadcrumb":{"@id":"https:\/\/pamukap.com.tr\/?page_id=4383#breadcrumb"},"inLanguage":"tr","potentialAction":[{"@type":"ReadAction","target":["https:\/\/pamukap.com.tr\/?page_id=4383"]}]},{"@type":"BreadcrumbList","@id":"https:\/\/pamukap.com.tr\/?page_id=4383#breadcrumb","itemListElement":[{"@type":"ListItem","position":1,"name":"Anasayfa","item":"https:\/\/pamukap.com.tr\/"},{"@type":"ListItem","position":2,"name":"Bayi Talep Formu"}]},{"@type":"WebSite","@id":"https:\/\/pamukap.com.tr\/#website","url":"https:\/\/pamukap.com.tr\/","name":"Do\u011fa ile dost","description":"","potentialAction":[{"@type":"SearchAction","target":{"@type":"EntryPoint","urlTemplate":"https:\/\/pamukap.com.tr\/?s={search_term_string}"},"query-input":{"@type":"PropertyValueSpecification","valueRequired":true,"valueName":"search_term_string"}}],"inLanguage":"tr"}]}},"_links":{"self":[{"href":"https:\/\/pamukap.com.tr\/index.php?rest_route=\/wp\/v2\/pages\/4383","targetHints":{"allow":["GET"]}}],"collection":[{"href":"https:\/\/pamukap.com.tr\/index.php?rest_route=\/wp\/v2\/pages"}],"about":[{"href":"https:\/\/pamukap.com.tr\/index.php?rest_route=\/wp\/v2\/types\/page"}],"author":[{"embeddable":true,"href":"https:\/\/pamukap.com.tr\/index.php?rest_route=\/wp\/v2\/users\/1"}],"replies":[{"embeddable":true,"href":"https:\/\/pamukap.com.tr\/index.php?rest_route=%2Fwp%2Fv2%2Fcomments&post=4383"}],"version-history":[{"count":4,"href":"https:\/\/pamukap.com.tr\/index.php?rest_route=\/wp\/v2\/pages\/4383\/revisions"}],"predecessor-version":[{"id":4414,"href":"https:\/\/pamukap.com.tr\/index.php?rest_route=\/wp\/v2\/pages\/4383\/revisions\/4414"}],"wp:attachment":[{"href":"https:\/\/pamukap.com.tr\/index.php?rest_route=%2Fwp%2Fv2%2Fmedia&parent=4383"}],"curies":[{"name":"wp","href":"https:\/\/api.w.org\/{rel}","templated":true}]}}