{"id":4302,"date":"2021-04-11T00:50:25","date_gmt":"2021-04-11T00:50:25","guid":{"rendered":"https:\/\/essentials.pixfort.com\/company-elementor\/?page_id=4302"},"modified":"2025-06-07T12:40:15","modified_gmt":"2025-06-07T09:40:15","slug":"iletisim","status":"publish","type":"page","link":"https:\/\/pamukap.com.tr\/?page_id=4302","title":{"rendered":"\u0130leti\u015fim"},"content":{"rendered":"\t\t<div data-elementor-type=\"wp-page\" data-elementor-id=\"4302\" class=\"elementor elementor-4302\" data-elementor-post-type=\"page\">\n\t\t\t\t\t\t<section class=\"elementor-section elementor-top-section elementor-element elementor-element-2411664 elementor-section-boxed elementor-section-height-default elementor-section-height-default\" data-id=\"2411664\" data-element_type=\"section\" data-settings=\"{&quot;background_background&quot;:&quot;classic&quot;}\">\n\t\t\t\t\t\t<div class=\"elementor-container elementor-column-gap-default\">\n\t\t\t\t\t<div class=\"elementor-column elementor-col-50 elementor-top-column elementor-element elementor-element-f2dbc68\" data-id=\"f2dbc68\" data-element_type=\"column\">\n\t\t\t<div class=\"elementor-widget-wrap elementor-element-populated\">\n\t\t\t\t\t\t<div class=\"elementor-element elementor-element-13532a8 elementor-widget elementor-widget-pix-highlighted-text\" data-id=\"13532a8\" data-element_type=\"widget\" data-widget_type=\"pix-highlighted-text.default\">\n\t\t\t\t<div class=\"elementor-widget-container\">\n\t\t\t\t\t<div id=\"highlighted-text-60528858\" class=\"pix-highlighted-element text-left \"><h2 class=\"pix-highlighted-items \" style=\"\" data-anim-type=\"\" data-anim-delay=\"\"><span id=\"highlighted-text-60528858-0\" class=\"pix-highlight-bg align-middle2   elementor-repeater-item-b2f5606 highlighted-text-60528858-0 animate-in\" data-anim-type=\"highlight-grow\" data-anim-delay=\"200\"><span class=\"pix-highlighted-text  pix-highlight-item font-weight-normal  font-weight-bold heading-font text-heading-default\">\u0130leti\u015fim<\/span><\/span><\/h2><\/div>\t\t\t\t<\/div>\n\t\t\t\t<\/div>\n\t\t\t\t<div class=\"elementor-element elementor-element-12f0414 elementor-widget elementor-widget-pix-text\" data-id=\"12f0414\" data-element_type=\"widget\" data-widget_type=\"pix-text.default\">\n\t\t\t\t<div class=\"elementor-widget-container\">\n\t\t\t\t\t<div class=\"pix-el-text w-100 text-left \" ><p class=\"text-20 resp-option text-dark-opacity-5 text-left \" >Her t\u00fcrl\u00fc soru, g\u00f6r\u00fc\u015f veya talep i\u00e7in bizimle ileti\u015fime ge\u00e7mekten \u00e7ekinmeyin. A\u015fa\u011f\u0131daki ileti\u015fim bilgilerini kullanarak bize kolayca ula\u015fabilirsiniz. Size en k\u0131sa s\u00fcrede geri d\u00f6n\u00fc\u015f yapaca\u011f\u0131z.\n\n<\/p><\/div>\t\t\t\t<\/div>\n\t\t\t\t<\/div>\n\t\t\t\t<div class=\"elementor-element elementor-element-938f1c2 elementor-hidden-desktop elementor-hidden-tablet elementor-hidden-mobile elementor-invisible elementor-widget elementor-widget-pix-social-icons\" data-id=\"938f1c2\" data-element_type=\"widget\" data-widget_type=\"pix-social-icons.default\">\n\t\t\t\t<div class=\"elementor-widget-container\">\n\t\t\t\t\t<div class=\"text-heading-default text-left pix-social-icons font-weight-bold d-inline-block w-100 \" style=\"font-size:32px;\"><a  href=\"#\" aria-label=\"Facebook\" class=\"text-heading-default animate-in d-inline-block fly-sm  px-2\" data-anim-type=\"fade-in-up\" data-anim-delay=\"400\"><i class=\"pixicon-facebook3\" style=\"\"><\/i><\/a><a  href=\"#\" aria-label=\"Twitter\" class=\"text-heading-default animate-in d-inline-block fly-sm  px-2\" data-anim-type=\"fade-in-up\" data-anim-delay=\"500\"><i class=\"pixicon-twitter\" style=\"\"><\/i><\/a><a  href=\"#\" aria-label=\"Instagram\" class=\"text-heading-default animate-in d-inline-block fly-sm  px-2\" data-anim-type=\"fade-in-up\" data-anim-delay=\"600\"><i class=\"pixicon-instagram2\" style=\"\"><\/i><\/a><a  href=\"#\" aria-label=\"Dribbble\" class=\"text-heading-default animate-in d-inline-block fly-sm  px-2\" data-anim-type=\"fade-in-up\" data-anim-delay=\"700\"><i class=\"pixicon-dribbble\" style=\"\"><\/i><\/a><\/div>\t\t\t\t<\/div>\n\t\t\t\t<\/div>\n\t\t\t\t\t<\/div>\n\t\t<\/div>\n\t\t\t\t<div class=\"elementor-column elementor-col-50 elementor-top-column elementor-element elementor-element-2b573f3\" data-id=\"2b573f3\" data-element_type=\"column\">\n\t\t\t<div class=\"elementor-widget-wrap elementor-element-populated\">\n\t\t\t\t\t\t<div class=\"elementor-element elementor-element-e3daf71 bg-white shadow-sm shadow-hover-sm fly-sm rounded-10  mb-3 elementor-widget elementor-widget-pix-feature\" data-id=\"e3daf71\" data-element_type=\"widget\" data-widget_type=\"pix-feature.default\">\n\t\t\t\t<div class=\"elementor-widget-container\">\n\t\t\t\t\t<a href=\"https:\/\/maps.app.goo.gl\/4bWbedsF6Vpyu7cT7\" target=\"_blank\"><div id=\"duo-icon-197801917\" class=\"pix-feature-el  media \"><div class=\"mr-3 feature_img \"   style=\"position:relative;text-align:center;\"><i style=\"display:inline-block;font-size:40px;min-width:40px;line-height:40px;\" class=\"text-gradient-primary align-middle pixicon-map-pinned-2\"><\/i><\/div><div class=\"media-body text-custom\"><h6 class=\"font-weight-bold   text-heading-default  \" style=\"padding-top:8px;\"  >Konum<\/h6><div class=\"text-text-gray    font-weight-bold  \" style=\"padding-top:20px;\"  ><\/div><\/div><\/div><\/a>\t\t\t\t<\/div>\n\t\t\t\t<\/div>\n\t\t\t\t<div class=\"elementor-element elementor-element-abf0d3c bg-white shadow-sm shadow-hover-sm fly-sm rounded-10  mb-3 elementor-widget elementor-widget-pix-feature\" data-id=\"abf0d3c\" data-element_type=\"widget\" data-widget_type=\"pix-feature.default\">\n\t\t\t\t<div class=\"elementor-widget-container\">\n\t\t\t\t\t<a href=\"tel:05071818373\" target=\"_blank\"><div id=\"duo-icon-51438165\" class=\"pix-feature-el  media \"><div class=\"mr-3 feature_img \"   style=\"position:relative;text-align:center;\"><i style=\"display:inline-block;font-size:40px;min-width:40px;line-height:40px;\" class=\"text-gradient-primary align-middle pixicon-user-male-phone\"><\/i><\/div><div class=\"media-body text-custom\"><h6 class=\"font-weight-bold   text-heading-default  \" style=\"padding-top:8px;\"  >\u0130leti\u015fim<\/h6><div class=\"text-text-gray    font-weight-bold  \" style=\"padding-top:20px;\"  ><\/div><\/div><\/div><\/a>\t\t\t\t<\/div>\n\t\t\t\t<\/div>\n\t\t\t\t<div class=\"elementor-element elementor-element-a806d56 bg-white shadow-sm shadow-hover-sm fly-sm rounded-10  mb-3 elementor-widget elementor-widget-pix-feature\" data-id=\"a806d56\" data-element_type=\"widget\" data-widget_type=\"pix-feature.default\">\n\t\t\t\t<div class=\"elementor-widget-container\">\n\t\t\t\t\t<a href=\"#\" ><div id=\"duo-icon-173295993\" class=\"pix-feature-el  media \"><div class=\"mr-3 feature_img \"   style=\"position:relative;text-align:center;\"><i style=\"display:inline-block;font-size:40px;min-width:40px;line-height:40px;\" class=\"text-gradient-primary align-middle pixicon-email-1\"><\/i><\/div><div class=\"media-body text-custom\"><h6 class=\"font-weight-bold   text-heading-default  \" style=\"padding-top:8px;\"  >E-Posta<\/h6><div class=\"text-text-gray    font-weight-bold  \" style=\"padding-top:20px;\"  ><\/div><\/div><\/div><\/a>\t\t\t\t<\/div>\n\t\t\t\t<\/div>\n\t\t\t\t\t<\/div>\n\t\t<\/div>\n\t\t\t\t\t<\/div>\n\t\t<\/section>\n\t\t\t\t<section class=\"elementor-section elementor-top-section elementor-element elementor-element-8bafd16 elementor-section-full_width elementor-section-height-default elementor-section-height-default\" data-id=\"8bafd16\" data-element_type=\"section\">\n\t\t\t\t\t\t<div class=\"elementor-container elementor-column-gap-no\">\n\t\t\t\t\t<div class=\"elementor-column elementor-col-100 elementor-top-column elementor-element elementor-element-24b138e\" data-id=\"24b138e\" data-element_type=\"column\">\n\t\t\t<div class=\"elementor-widget-wrap elementor-element-populated\">\n\t\t\t\t\t\t<div class=\"elementor-element elementor-element-3ffb4f2 elementor-widget elementor-widget-pix-dividers\" data-id=\"3ffb4f2\" data-element_type=\"widget\" data-widget_type=\"pix-dividers.default\">\n\t\t\t\t<div class=\"elementor-widget-container\">\n\t\t\t\t\t<div class=\"pix-divider  position-relative pix-bottom-divider\" data-style=\"style-8\" ><svg xmlns=\"http:\/\/www.w3.org\/2000\/svg\" width=\"100%\" height=\"300px\" viewBox=\"0 0 1200 366\" preserveAspectRatio=\"none\"><polygon fill=\"url(#divider-pix-accordion-183152-bottom-overlay-layer-3)\" points=\"0 240 1200 0 1200 366 0 366\" \/><polygon fill=\"url(#divider-pix-accordion-183152-bottom-overlay-layer-2)\" points=\"0 300 1200 60 1200 366 0 366\"  \/><polygon fill=\"#ffffff\" points=\"0 360 1200 120 1200 366 0 366\"\/><defs><linearGradient id=\"divider-pix-accordion-183152-bottom-overlay-layer-3\" x1=\"0%\" y1=\"0%\" x2=\"100%\" y2=\"0%\"><stop offset=\"0%\"   stop-color=\"#00000014\"\/><stop offset=\"100%\"   stop-color=\"#FFFFFF03\"\/><\/linearGradient><linearGradient id=\"divider-pix-accordion-183152-bottom-overlay-layer-2\" x1=\"0%\" y1=\"0%\" x2=\"100%\" y2=\"0%\"><stop offset=\"0%\"   stop-color=\"#FFFFFF03\"\/><stop offset=\"100%\"   stop-color=\"#FFFFFF03\"\/><\/linearGradient><\/defs><\/svg><\/div>\t\t\t\t<\/div>\n\t\t\t\t<\/div>\n\t\t\t\t\t<\/div>\n\t\t<\/div>\n\t\t\t\t\t<\/div>\n\t\t<\/section>\n\t\t\t\t<section class=\"elementor-section elementor-top-section elementor-element elementor-element-31cfcf2 elementor-section-boxed elementor-section-height-default elementor-section-height-default\" data-id=\"31cfcf2\" data-element_type=\"section\">\n\t\t\t\t\t\t<div class=\"elementor-container elementor-column-gap-default\">\n\t\t\t\t\t<div class=\"elementor-column elementor-col-50 elementor-top-column elementor-element elementor-element-863ec05\" data-id=\"863ec05\" data-element_type=\"column\">\n\t\t\t<div class=\"elementor-widget-wrap elementor-element-populated\">\n\t\t\t\t\t\t<div class=\"elementor-element elementor-element-fc365d9 elementor-widget elementor-widget-pix-heading\" data-id=\"fc365d9\" data-element_type=\"widget\" data-widget_type=\"pix-heading.default\">\n\t\t\t\t<div class=\"elementor-widget-container\">\n\t\t\t\t\t<div  class=\"pix-heading-el text-left \"><div><div class=\"slide-in-container2\"><h3 class=\"text-heading-default font-weight-bold heading-text el-title_custom_color mb-12\" style=\"\" data-anim-type=\"\" data-anim-delay=\"\">\u0130leti\u015fim Formu<\/h3><\/div><\/div><\/div>\t\t\t\t<\/div>\n\t\t\t\t<\/div>\n\t\t\t\t<div class=\"elementor-element elementor-element-e21eb6d elementor-widget elementor-widget-pix-text\" data-id=\"e21eb6d\" data-element_type=\"widget\" data-widget_type=\"pix-text.default\">\n\t\t\t\t<div class=\"elementor-widget-container\">\n\t\t\t\t\t<div class=\"pix-el-text w-100 text-left \" ><div class=\"d-inline-block\" style=\"max-width:600px;\"><p class=\"text-20 resp-option text-body-default text-left \" >A\u015fa\u011f\u0131daki formu doldurarak bizimle ileti\u015fime ge\u00e7ebilirsiniz. Sorular\u0131n\u0131z\u0131 veya taleplerinizi h\u0131zl\u0131ca \u00e7\u00f6zmek i\u00e7in buraday\u0131z.<\/p><\/div><\/div>\t\t\t\t<\/div>\n\t\t\t\t<\/div>\n\t\t\t\t<div class=\"elementor-element elementor-element-52eb23d elementor-widget elementor-widget-text-editor\" data-id=\"52eb23d\" data-element_type=\"widget\" data-widget_type=\"text-editor.default\">\n\t\t\t\t<div class=\"elementor-widget-container\">\n\t\t\t\t\t\t\t\t\t\n<div class=\"wpcf7 no-js\" id=\"wpcf7-f1566-o1\" lang=\"en-US\" dir=\"ltr\" data-wpcf7-id=\"1566\">\n<div class=\"screen-reader-response\"><p role=\"status\" aria-live=\"polite\" aria-atomic=\"true\"><\/p> <ul><\/ul><\/div>\n<form action=\"\/index.php?rest_route=%2Fwp%2Fv2%2Fpages%2F4302#wpcf7-f1566-o1\" method=\"post\" class=\"wpcf7-form init\" aria-label=\"Contact form\" novalidate=\"novalidate\" data-status=\"init\">\n<div style=\"display: none;\">\n<input type=\"hidden\" name=\"_wpcf7\" value=\"1566\" \/>\n<input type=\"hidden\" name=\"_wpcf7_version\" value=\"6.0.6\" \/>\n<input type=\"hidden\" name=\"_wpcf7_locale\" value=\"en_US\" \/>\n<input type=\"hidden\" name=\"_wpcf7_unit_tag\" value=\"wpcf7-f1566-o1\" \/>\n<input type=\"hidden\" name=\"_wpcf7_container_post\" value=\"0\" \/>\n<input type=\"hidden\" name=\"_wpcf7_posted_data_hash\" value=\"\" \/>\n<input type=\"hidden\" name=\"_wpcf7_recaptcha_response\" value=\"\" \/>\n<\/div>\n<div class=\"pix-contact7-form\"><div class=\"row\">\n\t<div class=\"col-lg-6\">\n\t\t<p><label class=\"w-100\">Ad Soyad<br \/>\n<span class=\"wpcf7-form-control-wrap\" data-name=\"your-name\"><input size=\"40\" maxlength=\"400\" class=\"wpcf7-form-control wpcf7-text wpcf7-validates-as-required pix-my-5 shadow-0 bg-gray-3 form-control\" aria-required=\"true\" aria-invalid=\"false\" placeholder=\"\" value=\"\" type=\"text\" name=\"your-name\" \/><\/span><\/label>\n\t\t<\/p>\n\t<\/div>\n\t<div class=\"col-lg-6\">\n\t\t<p><label class=\"w-100\">E-Posta<br \/>\n<span class=\"wpcf7-form-control-wrap\" data-name=\"your-email\"><input size=\"40\" maxlength=\"400\" class=\"wpcf7-form-control wpcf7-email wpcf7-validates-as-required wpcf7-text wpcf7-validates-as-email pix-my-5 shadow-0 bg-gray-3 form-control\" aria-required=\"true\" aria-invalid=\"false\" placeholder=\"\" value=\"\" type=\"email\" name=\"your-email\" \/><\/span><\/label>\n\t\t<\/p>\n\t<\/div>\n\t<div class=\"col-lg-12\">\n\t\t<p><label class=\"w-100\">Telefon Numaras\u0131<br \/>\n<span class=\"wpcf7-form-control-wrap\" data-name=\"your-tel\"><input size=\"40\" maxlength=\"400\" class=\"wpcf7-form-control wpcf7-tel wpcf7-validates-as-required wpcf7-text wpcf7-validates-as-tel pix-my-5 shadow-0 bg-gray-3 form-control\" aria-required=\"true\" aria-invalid=\"false\" placeholder=\"\" value=\"\" type=\"tel\" name=\"your-tel\" \/><\/span><\/label>\n\t\t<\/p>\n\t<\/div>\n\t<div class=\"col-12\">\n\t\t<p><label class=\"w-100\">Konu*<br \/>\n<span class=\"wpcf7-form-control-wrap\" data-name=\"your-subject\"><input size=\"40\" maxlength=\"400\" class=\"wpcf7-form-control wpcf7-text wpcf7-validates-as-required pix-my-5 shadow-0 bg-gray-3 form-control\" aria-required=\"true\" aria-invalid=\"false\" placeholder=\"\" value=\"\" type=\"text\" name=\"your-subject\" \/><\/span><\/label>\n\t\t<\/p>\n\t<\/div>\n\t<div class=\"col-12\">\n\t\t<p><label class=\"w-100\">Mesaj\u0131n\u0131z<span class=\"wpcf7-form-control-wrap\" data-name=\"your-message\"><textarea cols=\"40\" rows=\"4\" maxlength=\"2000\" class=\"wpcf7-form-control wpcf7-textarea wpcf7-validates-as-required pix-my-5 shadow-0 bg-gray-3 form-control\" aria-required=\"true\" aria-invalid=\"false\" placeholder=\"\" name=\"your-message\"><\/textarea><\/span><\/label>\n\t\t<\/p>\n\t<\/div>\n<\/div>\n<p><input class=\"wpcf7-form-control wpcf7-submit has-spinner btn btn-primary text-white w-100 pix-mt-10 font-weight-bold btn-lg shadow-hover\" type=\"submit\" value=\"G\u00f6nder\" \/>\n<\/p><\/div><div class=\"wpcf7-response-output\" aria-hidden=\"true\"><\/div>\n<\/form>\n<\/div>\n\t\t\t\t\t\t\t\t<\/div>\n\t\t\t\t<\/div>\n\t\t\t\t\t<\/div>\n\t\t<\/div>\n\t\t\t\t<div class=\"elementor-column elementor-col-50 elementor-top-column elementor-element elementor-element-cefad4f\" data-id=\"cefad4f\" data-element_type=\"column\">\n\t\t\t<div class=\"elementor-widget-wrap elementor-element-populated\">\n\t\t\t\t\t\t<div class=\"elementor-element elementor-element-aacdc19 elementor-widget elementor-widget-text-editor\" data-id=\"aacdc19\" data-element_type=\"widget\" data-widget_type=\"text-editor.default\">\n\t\t\t\t<div class=\"elementor-widget-container\">\n\t\t\t\t\t\t\t\t\t<iframe style=\"border: 0;\" src=\"https:\/\/www.google.com\/maps\/embed?pb=!1m14!1m8!1m3!1d3941.6242582217196!2d27.1387935346605!3d38.36126532081899!3m2!1i1024!2i768!4f13.1!3m3!1m2!1s0x14b96204a9e2c267%3A0xf65e6d6e998a4ba3!2sPamukap!5e0!3m2!1str!2str!4v1748173742029!5m2!1str!2str\" width=\"600\" height=\"650\" allowfullscreen=\"allowfullscreen\"><span data-mce-type=\"bookmark\" style=\"display: inline-block; width: 0px; overflow: hidden; line-height: 0;\" class=\"mce_SELRES_start\">\ufeff<\/span><\/iframe>\t\t\t\t\t\t\t\t<\/div>\n\t\t\t\t<\/div>\n\t\t\t\t\t<\/div>\n\t\t<\/div>\n\t\t\t\t\t<\/div>\n\t\t<\/section>\n\t\t\t\t<\/div>\n\t\t","protected":false},"excerpt":{"rendered":"<p>\u0130leti\u015fim Her t\u00fcrl\u00fc soru, g\u00f6r\u00fc\u015f veya talep i\u00e7in bizimle ileti\u015fime ge\u00e7mekten \u00e7ekinmeyin. A\u015fa\u011f\u0131daki ileti\u015fim bilgilerini kullanarak bize kolayca ula\u015fabilirsiniz. Size en k\u0131sa s\u00fcrede geri d\u00f6n\u00fc\u015f yapaca\u011f\u0131z. Konum \u0130leti\u015fim E-Posta \u0130leti\u015fim Formu A\u015fa\u011f\u0131daki formu doldurarak bizimle ileti\u015fime ge\u00e7ebilirsiniz. Sorular\u0131n\u0131z\u0131 veya taleplerinizi&#8230;<\/p>\n","protected":false},"author":1,"featured_media":0,"parent":0,"menu_order":0,"comment_status":"closed","ping_status":"closed","template":"","meta":{"footnotes":""},"class_list":["post-4302","page","type-page","status-publish","hentry"],"yoast_head":"<!-- This site is optimized with the Yoast SEO plugin v25.0 - https:\/\/yoast.com\/wordpress\/plugins\/seo\/ -->\n<title>\u0130leti\u015fim - Do\u011fa ile dost<\/title>\n<meta name=\"description\" content=\"PAMUKAP ile ileti\u015fime ge\u00e7mek i\u00e7in gerekli t\u00fcm bilgileri burada bulabilirsiniz. H\u0131zl\u0131 ve kolay ileti\u015fim i\u00e7in formu doldurun veya telefonla aray\u0131n!\" \/>\n<meta name=\"robots\" content=\"index, follow, max-snippet:-1, max-image-preview:large, max-video-preview:-1\" \/>\n<link rel=\"canonical\" href=\"https:\/\/pamukap.com.tr\/?page_id=4302\" \/>\n<meta property=\"og:locale\" content=\"tr_TR\" \/>\n<meta property=\"og:type\" content=\"article\" \/>\n<meta property=\"og:title\" content=\"\u0130leti\u015fim - Do\u011fa ile dost\" \/>\n<meta property=\"og:description\" content=\"PAMUKAP ile ileti\u015fime ge\u00e7mek i\u00e7in gerekli t\u00fcm bilgileri burada bulabilirsiniz. H\u0131zl\u0131 ve kolay ileti\u015fim i\u00e7in formu doldurun veya telefonla aray\u0131n!\" \/>\n<meta property=\"og:url\" content=\"https:\/\/pamukap.com.tr\/?page_id=4302\" \/>\n<meta property=\"og:site_name\" content=\"Do\u011fa ile dost\" \/>\n<meta property=\"article:modified_time\" content=\"2025-06-07T09:40:15+00:00\" \/>\n<meta name=\"twitter:card\" content=\"summary_large_image\" \/>\n<meta name=\"twitter:label1\" content=\"Tahmini okuma s\u00fcresi\" \/>\n\t<meta name=\"twitter:data1\" content=\"1 dakika\" \/>\n<script type=\"application\/ld+json\" class=\"yoast-schema-graph\">{\"@context\":\"https:\/\/schema.org\",\"@graph\":[{\"@type\":\"WebPage\",\"@id\":\"https:\/\/pamukap.com.tr\/?page_id=4302\",\"url\":\"https:\/\/pamukap.com.tr\/?page_id=4302\",\"name\":\"\u0130leti\u015fim - Do\u011fa ile dost\",\"isPartOf\":{\"@id\":\"https:\/\/pamukap.com.tr\/#website\"},\"datePublished\":\"2021-04-11T00:50:25+00:00\",\"dateModified\":\"2025-06-07T09:40:15+00:00\",\"description\":\"PAMUKAP ile ileti\u015fime ge\u00e7mek i\u00e7in gerekli t\u00fcm bilgileri burada bulabilirsiniz. H\u0131zl\u0131 ve kolay ileti\u015fim i\u00e7in formu doldurun veya telefonla aray\u0131n!\",\"breadcrumb\":{\"@id\":\"https:\/\/pamukap.com.tr\/?page_id=4302#breadcrumb\"},\"inLanguage\":\"tr\",\"potentialAction\":[{\"@type\":\"ReadAction\",\"target\":[\"https:\/\/pamukap.com.tr\/?page_id=4302\"]}]},{\"@type\":\"BreadcrumbList\",\"@id\":\"https:\/\/pamukap.com.tr\/?page_id=4302#breadcrumb\",\"itemListElement\":[{\"@type\":\"ListItem\",\"position\":1,\"name\":\"Anasayfa\",\"item\":\"https:\/\/pamukap.com.tr\/\"},{\"@type\":\"ListItem\",\"position\":2,\"name\":\"\u0130leti\u015fim\"}]},{\"@type\":\"WebSite\",\"@id\":\"https:\/\/pamukap.com.tr\/#website\",\"url\":\"https:\/\/pamukap.com.tr\/\",\"name\":\"Do\u011fa ile dost\",\"description\":\"\",\"potentialAction\":[{\"@type\":\"SearchAction\",\"target\":{\"@type\":\"EntryPoint\",\"urlTemplate\":\"https:\/\/pamukap.com.tr\/?s={search_term_string}\"},\"query-input\":{\"@type\":\"PropertyValueSpecification\",\"valueRequired\":true,\"valueName\":\"search_term_string\"}}],\"inLanguage\":\"tr\"}]}<\/script>\n<!-- \/ Yoast SEO plugin. -->","yoast_head_json":{"title":"\u0130leti\u015fim - Do\u011fa ile dost","description":"PAMUKAP ile ileti\u015fime ge\u00e7mek i\u00e7in gerekli t\u00fcm bilgileri burada bulabilirsiniz. H\u0131zl\u0131 ve kolay ileti\u015fim i\u00e7in formu doldurun veya telefonla aray\u0131n!","robots":{"index":"index","follow":"follow","max-snippet":"max-snippet:-1","max-image-preview":"max-image-preview:large","max-video-preview":"max-video-preview:-1"},"canonical":"https:\/\/pamukap.com.tr\/?page_id=4302","og_locale":"tr_TR","og_type":"article","og_title":"\u0130leti\u015fim - Do\u011fa ile dost","og_description":"PAMUKAP ile ileti\u015fime ge\u00e7mek i\u00e7in gerekli t\u00fcm bilgileri burada bulabilirsiniz. H\u0131zl\u0131 ve kolay ileti\u015fim i\u00e7in formu doldurun veya telefonla aray\u0131n!","og_url":"https:\/\/pamukap.com.tr\/?page_id=4302","og_site_name":"Do\u011fa ile dost","article_modified_time":"2025-06-07T09:40:15+00:00","twitter_card":"summary_large_image","twitter_misc":{"Tahmini okuma s\u00fcresi":"1 dakika"},"schema":{"@context":"https:\/\/schema.org","@graph":[{"@type":"WebPage","@id":"https:\/\/pamukap.com.tr\/?page_id=4302","url":"https:\/\/pamukap.com.tr\/?page_id=4302","name":"\u0130leti\u015fim - Do\u011fa ile dost","isPartOf":{"@id":"https:\/\/pamukap.com.tr\/#website"},"datePublished":"2021-04-11T00:50:25+00:00","dateModified":"2025-06-07T09:40:15+00:00","description":"PAMUKAP ile ileti\u015fime ge\u00e7mek i\u00e7in gerekli t\u00fcm bilgileri burada bulabilirsiniz. H\u0131zl\u0131 ve kolay ileti\u015fim i\u00e7in formu doldurun veya telefonla aray\u0131n!","breadcrumb":{"@id":"https:\/\/pamukap.com.tr\/?page_id=4302#breadcrumb"},"inLanguage":"tr","potentialAction":[{"@type":"ReadAction","target":["https:\/\/pamukap.com.tr\/?page_id=4302"]}]},{"@type":"BreadcrumbList","@id":"https:\/\/pamukap.com.tr\/?page_id=4302#breadcrumb","itemListElement":[{"@type":"ListItem","position":1,"name":"Anasayfa","item":"https:\/\/pamukap.com.tr\/"},{"@type":"ListItem","position":2,"name":"\u0130leti\u015fim"}]},{"@type":"WebSite","@id":"https:\/\/pamukap.com.tr\/#website","url":"https:\/\/pamukap.com.tr\/","name":"Do\u011fa ile dost","description":"","potentialAction":[{"@type":"SearchAction","target":{"@type":"EntryPoint","urlTemplate":"https:\/\/pamukap.com.tr\/?s={search_term_string}"},"query-input":{"@type":"PropertyValueSpecification","valueRequired":true,"valueName":"search_term_string"}}],"inLanguage":"tr"}]}},"_links":{"self":[{"href":"https:\/\/pamukap.com.tr\/index.php?rest_route=\/wp\/v2\/pages\/4302","targetHints":{"allow":["GET"]}}],"collection":[{"href":"https:\/\/pamukap.com.tr\/index.php?rest_route=\/wp\/v2\/pages"}],"about":[{"href":"https:\/\/pamukap.com.tr\/index.php?rest_route=\/wp\/v2\/types\/page"}],"author":[{"embeddable":true,"href":"https:\/\/pamukap.com.tr\/index.php?rest_route=\/wp\/v2\/users\/1"}],"replies":[{"embeddable":true,"href":"https:\/\/pamukap.com.tr\/index.php?rest_route=%2Fwp%2Fv2%2Fcomments&post=4302"}],"version-history":[{"count":10,"href":"https:\/\/pamukap.com.tr\/index.php?rest_route=\/wp\/v2\/pages\/4302\/revisions"}],"predecessor-version":[{"id":4548,"href":"https:\/\/pamukap.com.tr\/index.php?rest_route=\/wp\/v2\/pages\/4302\/revisions\/4548"}],"wp:attachment":[{"href":"https:\/\/pamukap.com.tr\/index.php?rest_route=%2Fwp%2Fv2%2Fmedia&parent=4302"}],"curies":[{"name":"wp","href":"https:\/\/api.w.org\/{rel}","templated":true}]}}